{"id":977,"date":"2023-10-23T15:28:08","date_gmt":"2023-10-23T13:28:08","guid":{"rendered":"https:\/\/judoclubmuri.ch\/?page_id=977"},"modified":"2023-10-23T15:29:10","modified_gmt":"2023-10-23T13:29:10","slug":"historie","status":"publish","type":"page","link":"https:\/\/judoclubmuri.ch\/index.php\/historie\/","title":{"rendered":"Historie"},"content":{"rendered":"\t\t<div data-elementor-type=\"wp-page\" data-elementor-id=\"977\" class=\"elementor elementor-977\">\n\t\t\t\t\t\t<section class=\"elementor-section elementor-top-section elementor-element elementor-element-af53ab1 elementor-section-boxed elementor-section-height-default elementor-section-height-default\" data-id=\"af53ab1\" data-element_type=\"section\" data-e-type=\"section\">\n\t\t\t\t\t\t<div class=\"elementor-container elementor-column-gap-default\">\n\t\t\t\t\t<div class=\"elementor-column elementor-col-100 elementor-top-column elementor-element elementor-element-9f869a6\" data-id=\"9f869a6\" data-element_type=\"column\" data-e-type=\"column\">\n\t\t\t<div class=\"elementor-widget-wrap elementor-element-populated\">\n\t\t\t\t\t\t<div class=\"elementor-element elementor-element-afc2133 elementor-widget elementor-widget-text-editor\" data-id=\"afc2133\" data-element_type=\"widget\" data-e-type=\"widget\" data-widget_type=\"text-editor.default\">\n\t\t\t\t<div class=\"elementor-widget-container\">\n\t\t\t\t\t\t\t\t\t<p>Geschichte Judo Club Muri<\/p><p>Der Ursprung des Judo-Club ist auf Stammtischgespr\u00e4che zur\u00fcckzuf\u00fchren, wo Arthur Breitenstein voll Begeisterung von Judo berichtete, welcher sp\u00e4ter auch zum ersten Trainer wurde. Bei den ersten Zusammenk\u00fcnften wurde jedoch noch keine Judotechniken ge\u00fcbt, da es am entsprechenden Trainingslokal fehlte. Als dieses jedoch bei der Firma Robert Wild AG gefunden wurde, ist der Judo Club am 24.11.1971 gegr\u00fcndet. Aufgrund des kleinen Trainingslokals wurde die Mitgliederzahl jedoch auf 15 Personen beschr\u00e4nkt.In den Anfangsjahren stand eher die Gesellschaft und das Zusammensein im Vordergrund weswegen die ersten Freundschaftsk\u00e4mpfe mit befreundeten Judo-Vereinen oft verloren gingen.<\/p><p>Anl\u00e4sse<\/p><p>Im Laufe der Jahre hat der Judo Club Muri viele verschiedene Verein interne und externe Anl\u00e4sse durchgef\u00fchrt. Sei es der Marsch zum Horben welcher f\u00fcr alle Mitglieder Pflicht war. Oder wenige Jahre nach der Gr\u00fcndung Verteidigungskurse f\u00fcr Frauen, wonach Frauen ebenfalls in den Verein aufgenommen wurde. Durch allj\u00e4hrliche Anl\u00e4sse wie die erst Augustfeier oder durch den Lottoabend wurde der Club auch in der \u00d6ffentlichkeit bekannt.<\/p><p>Turniere<\/p><p>Bekanntheit in der Sport Welt erlangte der Club durch das Ausrichten mehrerer Turniere und durch die Kampfmannschaft, welche bis 1 Liga Regional k\u00e4mpfte, jedoch 1987 aufgel\u00f6st wurde. Von Turnier Veranstaltungen reichen diese vom Internationalen Schweizer Damenmeisterschaft bis zur regionalen Aargauer Einzelmeisterschaft. Die Mitglieder des Judo Clubs nehmen ausserdem bis Heute erfolgreich an verschiedenen Turnieren Teil.<\/p><p>Judo Club Heute<\/p><p>Die Jahrtausendwende bedeutete auch f\u00fcr Judo Club Muri den Start in eine Neue \u00c4ra, da es sich abzeichnete das einige erfolgreiche Judokas in die Fussstapfen ihrer Trainer und Coaches treten m\u00f6chten. So wurde \u00fcber die Jahre der Vorstand und das Trainerteam in die H\u00e4nde einer neuen Generation gelegt, welche mit neuen Ideen und viel Herzblut den Verein in eine Art Renaissance f\u00fchrten. An dieser Stelle einen speziellen Dank an Fritz Fahler und Charles Noser f\u00fcr ihr jahrelanges Engagement als Trainer und Vorstandsmitglieder. Die neue Vereinsf\u00fchrung tat so gleich, wof\u00fcr ihre Generation so bekannt ist: Digitalisieren. Es entstand eine Homepage (www.judoclubmuri.ch), die Mitgliederlisten wurden digital erfasst und auch der Austausch zwischen den Vereinsmitgliedern wurde um einige Medien erweitert. Weiter wurde die Zusammenarbeit mit unseren beiden Trainingsstandorten Boswil und Muri intensiviert, so dass wir zweimal im Jahr ein gemeinsames Training absolvieren.<\/p><p>Zudem konnten auch wieder mehr Judokas zur Teilnahme an Turnieren motiviert werden und der Erfolg liess auch nicht lange auf sich warten. So hat der Judo Club Muri die letzten 10 Jahre immer<\/p><p>mindestens einen amtierenden Aargauer Meister im Training und in den Jahren 2015-2019 \u00fcber 120 Medallien an regionalen, nationalen und internationalen Turnieren geholt. Dieser Erfolg best\u00e4tigt das der eingeschlagene Weg der richtige war und motiviert zusammen immer weiter zu gehen. Das letzte Highlight bevor der Trainingsbetrieb durch Corona ausgebremst wurde, war unser Werbefilm f\u00fcr den Verein und die Sportart. Von der Idee bis zum fertigen Film, welcher \u00fcbrigens auf Youtube und unserer Homepage zu finden ist.<\/p>\t\t\t\t\t\t\t\t<\/div>\n\t\t\t\t<\/div>\n\t\t\t\t\t<\/div>\n\t\t<\/div>\n\t\t\t\t\t<\/div>\n\t\t<\/section>\n\t\t\t\t<\/div>\n\t\t","protected":false},"excerpt":{"rendered":"<p>Geschichte Judo Club Muri Der Ursprung des Judo-Club ist auf Stammtischgespr\u00e4che zur\u00fcckzuf\u00fchren, wo Arthur Breitenstein voll Begeisterung von Judo berichtete, welcher sp\u00e4ter auch zum ersten Trainer wurde. Bei den ersten Zusammenk\u00fcnften wurde jedoch noch keine Judotechniken ge\u00fcbt, da es am entsprechenden Trainingslokal fehlte. Als dieses jedoch bei der Firma Robert Wild AG gefunden wurde, ist &#8230; <a title=\"Historie\" class=\"read-more\" href=\"https:\/\/judoclubmuri.ch\/index.php\/historie\/\">Weiterlesen &#8230;<\/a><\/p>\n","protected":false},"author":1,"featured_media":0,"parent":0,"menu_order":0,"comment_status":"closed","ping_status":"closed","template":"","meta":{"jetpack_post_was_ever_published":false,"footnotes":""},"class_list":["post-977","page","type-page","status-publish"],"jetpack_sharing_enabled":true,"jetpack_shortlink":"https:\/\/wp.me\/P6RLLy-fL","_links":{"self":[{"href":"https:\/\/judoclubmuri.ch\/index.php\/wp-json\/wp\/v2\/pages\/977","targetHints":{"allow":["GET"]}}],"collection":[{"href":"https:\/\/judoclubmuri.ch\/index.php\/wp-json\/wp\/v2\/pages"}],"about":[{"href":"https:\/\/judoclubmuri.ch\/index.php\/wp-json\/wp\/v2\/types\/page"}],"author":[{"embeddable":true,"href":"https:\/\/judoclubmuri.ch\/index.php\/wp-json\/wp\/v2\/users\/1"}],"replies":[{"embeddable":true,"href":"https:\/\/judoclubmuri.ch\/index.php\/wp-json\/wp\/v2\/comments?post=977"}],"version-history":[{"count":4,"href":"https:\/\/judoclubmuri.ch\/index.php\/wp-json\/wp\/v2\/pages\/977\/revisions"}],"predecessor-version":[{"id":981,"href":"https:\/\/judoclubmuri.ch\/index.php\/wp-json\/wp\/v2\/pages\/977\/revisions\/981"}],"wp:attachment":[{"href":"https:\/\/judoclubmuri.ch\/index.php\/wp-json\/wp\/v2\/media?parent=977"}],"curies":[{"name":"wp","href":"https:\/\/api.w.org\/{rel}","templated":true}]}}