{"id":34,"date":"2015-10-09T20:01:26","date_gmt":"2015-10-09T18:01:26","guid":{"rendered":"http:\/\/judoclubmuri.ch\/?page_id=34"},"modified":"2015-10-14T15:42:48","modified_gmt":"2015-10-14T13:42:48","slug":"historisches","status":"publish","type":"page","link":"http:\/\/judoclubmuri.ch\/index.php\/historisches\/","title":{"rendered":"Historisches"},"content":{"rendered":"<p style=\"text-align: center;\" align=\"left\"><a href=\"http:\/\/judoclubmuri.ch\/wp-content\/uploads\/2015\/10\/Kano_Jigoro.jpg\">\u00a0<\/a><\/p>\n<p align=\"left\">Im 10. Jahrhundert kam Ju-Jutsu, aus dem sp\u00e4ter Judo entstand, von China nach Japan. Die Samurai-K\u00e4mpfer hielten diese Kampftechnik bis in das 16. Jahrhundert geheim.<\/p>\n<p align=\"left\">Erst der Begr\u00fcnder des modernen Wettkampfjudo, Jigoro Kano Shihan (1860-1928), konnte die asiatische Kampfesf\u00fchrung als eine Sportart popul\u00e4r machen. Mit Hilfe des Judo sollten sich die Studenten in Japan in Form halten. Dadurch entfernte sich das Judo mehr und mehr vom traditionellen Ju-Jutsu: die gef\u00e4hrlichen St\u00f6\u00dfe mit Armen und Beinen wurden nicht mehr zugelassen und \u00dcbungen zum Fallen hinzugef\u00fcgt. Es entwickelte sich eine in Regeln gefa\u00dfte Sportart.<a href=\"http:\/\/judoclubmuri.ch\/wp-content\/uploads\/2015\/10\/Kano_Jigoro.jpg\"><img decoding=\"async\" class=\"alignnone wp-image-39  aligncenter\" src=\"http:\/\/judoclubmuri.ch\/wp-content\/uploads\/2015\/10\/Kano_Jigoro-e1444830075107-243x300.jpg\" alt=\"Kano_Jigoro\" width=\"170\" height=\"209\" srcset=\"http:\/\/judoclubmuri.ch\/wp-content\/uploads\/2015\/10\/Kano_Jigoro-e1444830075107-243x300.jpg 243w, http:\/\/judoclubmuri.ch\/wp-content\/uploads\/2015\/10\/Kano_Jigoro-e1444830075107.jpg 252w\" sizes=\"(max-width: 170px) 100vw, 170px\" \/><\/a><\/p>\n<p align=\"left\">Im Jahre 1882 gr\u00fcndete Kano die erste Judoschule in Tokio, den Kodokan, eine Eliteschule, die heute noch weltweites Ansehen genie\u00dft. Er gab seinem System den Namen JUDO (sanfter Weg), sein Ziel bezeichnete er &#8211; in Anlehnung an den Zen-Buddhismus &#8211; als &#8222;Studium und \u00dcbung f\u00fcr Geist und K\u00f6rper&#8220; .<\/p>\n<p align=\"left\">Das Prinzip des Judozweikampfes besteht darin, mit minimalem eigenem Kraftaufwand die gr\u00f6\u00dftm\u00f6gliche Wirkung zu erzielen. Die Kraft des Partners wird dabei mittels Wurf- und Grifftechniken geschickt ausgenutzt -sein Zug wird mit Druck, sein Druck mit Zug beantwortet und bringt ihn so aus dem Gleichgewicht.<\/p>\n<p align=\"left\">Gleichzeitig versteht sich das Judo auch als eine geistige Weiterentwicklung durch gegenseitiges Helfen und Verstehen. Jede Judo\u00fcbung wird mit dem Partner und nicht gegen einen Gegner durchgef\u00fchrt, f\u00fcr dessen Fortschritt man sich ebenso verantwortlich f\u00fchlt wie f\u00fcr den eigenen.<\/p>\n<p align=\"left\">Seeleute brachten Judo nach Europa.<\/p>\n<p align=\"left\">\n","protected":false},"excerpt":{"rendered":"<p>\u00a0 Im 10. Jahrhundert kam Ju-Jutsu, aus dem sp\u00e4ter Judo entstand, von China nach Japan. Die Samurai-K\u00e4mpfer hielten diese Kampftechnik bis in das 16. Jahrhundert geheim. Erst der Begr\u00fcnder des modernen Wettkampfjudo, Jigoro Kano Shihan (1860-1928), konnte die asiatische Kampfesf\u00fchrung als eine Sportart popul\u00e4r machen. Mit Hilfe des Judo sollten sich die Studenten in Japan &#8230; <a title=\"Historisches\" class=\"read-more\" href=\"http:\/\/judoclubmuri.ch\/index.php\/historisches\/\">Weiterlesen &#8230;<\/a><\/p>\n","protected":false},"author":2,"featured_media":0,"parent":0,"menu_order":0,"comment_status":"closed","ping_status":"closed","template":"","meta":{"jetpack_post_was_ever_published":false,"footnotes":""},"class_list":["post-34","page","type-page","status-publish"],"jetpack_sharing_enabled":true,"jetpack_shortlink":"https:\/\/wp.me\/P6RLLy-y","_links":{"self":[{"href":"http:\/\/judoclubmuri.ch\/index.php\/wp-json\/wp\/v2\/pages\/34","targetHints":{"allow":["GET"]}}],"collection":[{"href":"http:\/\/judoclubmuri.ch\/index.php\/wp-json\/wp\/v2\/pages"}],"about":[{"href":"http:\/\/judoclubmuri.ch\/index.php\/wp-json\/wp\/v2\/types\/page"}],"author":[{"embeddable":true,"href":"http:\/\/judoclubmuri.ch\/index.php\/wp-json\/wp\/v2\/users\/2"}],"replies":[{"embeddable":true,"href":"http:\/\/judoclubmuri.ch\/index.php\/wp-json\/wp\/v2\/comments?post=34"}],"version-history":[{"count":6,"href":"http:\/\/judoclubmuri.ch\/index.php\/wp-json\/wp\/v2\/pages\/34\/revisions"}],"predecessor-version":[{"id":99,"href":"http:\/\/judoclubmuri.ch\/index.php\/wp-json\/wp\/v2\/pages\/34\/revisions\/99"}],"wp:attachment":[{"href":"http:\/\/judoclubmuri.ch\/index.php\/wp-json\/wp\/v2\/media?parent=34"}],"curies":[{"name":"wp","href":"https:\/\/api.w.org\/{rel}","templated":true}]}}